{"id":573,"date":"2017-05-16T14:00:39","date_gmt":"2017-05-16T14:00:39","guid":{"rendered":"http:\/\/themes.getmotopress.com\/oceanica\/?page_id=41"},"modified":"2021-06-23T17:03:46","modified_gmt":"2021-06-23T15:03:46","slug":"services","status":"publish","type":"page","link":"https:\/\/hotellina.org\/?page_id=573","title":{"rendered":"Services"},"content":{"rendered":"<div class=\"mphb_sc_services-wrapper \"><div class=\"mphb-service post-222 mphb_room_service type-mphb_room_service status-publish has-post-thumbnail has_thumb  mphb-service-pay-per-adult mphb-service-pay-per-night\">\n\n\t\n\n\t<p class=\"mphb-loop-service-thumbnail\">\n\t<img loading=\"lazy\" decoding=\"async\" width=\"1600\" height=\"900\" src=\"https:\/\/hotellina.org\/wp-content\/uploads\/2017\/05\/hotel-lina-centre-fitness.jpg\" class=\"attachment-post-thumbnail size-post-thumbnail wp-post-image\" alt=\"hotel-lina-centre-fitness\" srcset=\"https:\/\/hotellina.org\/wp-content\/uploads\/2017\/05\/hotel-lina-centre-fitness.jpg 1600w, https:\/\/hotellina.org\/wp-content\/uploads\/2017\/05\/hotel-lina-centre-fitness-300x169.jpg 300w, https:\/\/hotellina.org\/wp-content\/uploads\/2017\/05\/hotel-lina-centre-fitness-1024x576.jpg 1024w, https:\/\/hotellina.org\/wp-content\/uploads\/2017\/05\/hotel-lina-centre-fitness-768x432.jpg 768w, https:\/\/hotellina.org\/wp-content\/uploads\/2017\/05\/hotel-lina-centre-fitness-1536x864.jpg 1536w, https:\/\/hotellina.org\/wp-content\/uploads\/2017\/05\/hotel-lina-centre-fitness-1144x644.jpg 1144w\" sizes=\"auto, (max-width: 1600px) 100vw, 1600px\" \/>\n\t<\/p>\n\n\n\n<h2 class=\"mphb-service-title\">\n<a href=\"https:\/\/hotellina.org\/?mphb_room_service=fitness-center\">Centre Fitness<\/a>\n<\/h2>\n\n<p>Rester actif m\u00eame pendant vos vacances ? Nous pouvons vous aider \u00e0 poursuivre votre entra\u00eenement par horaire, et dans les meilleures conditions ! Nous sommes \u00e9galement heureux d&rsquo;offrir une gamme [&hellip;]<\/p>\n\n\n<p class=\"mphb-price-wrapper\"><strong>Prix :<\/strong>\n<span class=\"mphb-price\"><span class=\"mphb-currency\">CFA<\/span>1,000<\/span> \/ Par jour \/ Par invit\u00e9(e)\n<\/p>\n<\/div><div class=\"mphb-service post-223 mphb_room_service type-mphb_room_service status-publish has-post-thumbnail has_thumb odd mphb-service-pay-per-adult\">\n\n\t\n\n\t<p class=\"mphb-loop-service-thumbnail\">\n\t<img loading=\"lazy\" decoding=\"async\" width=\"1600\" height=\"900\" src=\"https:\/\/hotellina.org\/wp-content\/uploads\/2017\/05\/hotel-lina-cour-musique-djembe.jpg\" class=\"attachment-post-thumbnail size-post-thumbnail wp-post-image\" alt=\"hotel-lina-cour-musique-djembe\" srcset=\"https:\/\/hotellina.org\/wp-content\/uploads\/2017\/05\/hotel-lina-cour-musique-djembe.jpg 1600w, https:\/\/hotellina.org\/wp-content\/uploads\/2017\/05\/hotel-lina-cour-musique-djembe-300x169.jpg 300w, https:\/\/hotellina.org\/wp-content\/uploads\/2017\/05\/hotel-lina-cour-musique-djembe-1024x576.jpg 1024w, https:\/\/hotellina.org\/wp-content\/uploads\/2017\/05\/hotel-lina-cour-musique-djembe-768x432.jpg 768w, https:\/\/hotellina.org\/wp-content\/uploads\/2017\/05\/hotel-lina-cour-musique-djembe-1536x864.jpg 1536w, https:\/\/hotellina.org\/wp-content\/uploads\/2017\/05\/hotel-lina-cour-musique-djembe-1144x644.jpg 1144w\" sizes=\"auto, (max-width: 1600px) 100vw, 1600px\" \/>\n\t<\/p>\n\n\n\n<h2 class=\"mphb-service-title\">\n<a href=\"https:\/\/hotellina.org\/?mphb_room_service=music\">Cour de musique<\/a>\n<\/h2>\n\n<p>D\u00e9butez la guitare acoustique de mani\u00e8re ludique gr\u00e2ce \u00e0 une m\u00e9thode d\u2019apprentissage mettant \u00e0 l\u2019honneur la pratique et le plaisir de jouer ! Que vous soyez compl\u00e8tement d\u00e9butant, que vous [&hellip;]<\/p>\n\n\n<p class=\"mphb-price-wrapper\"><strong>Prix :<\/strong>\n<span class=\"mphb-price\"><span class=\"mphb-currency\">CFA<\/span>9,900<\/span> \/ Simple \/ Par invit\u00e9(e)\n<\/p>\n<\/div><div class=\"mphb-service post-225 mphb_room_service type-mphb_room_service status-publish has-post-thumbnail has_thumb even\">\n\n\t\n\n\t<p class=\"mphb-loop-service-thumbnail\">\n\t<img loading=\"lazy\" decoding=\"async\" width=\"1600\" height=\"900\" src=\"https:\/\/hotellina.org\/wp-content\/uploads\/2017\/05\/hotel-lina-garage.jpg\" class=\"attachment-post-thumbnail size-post-thumbnail wp-post-image\" alt=\"hotel-lina-garage\" srcset=\"https:\/\/hotellina.org\/wp-content\/uploads\/2017\/05\/hotel-lina-garage.jpg 1600w, https:\/\/hotellina.org\/wp-content\/uploads\/2017\/05\/hotel-lina-garage-300x169.jpg 300w, https:\/\/hotellina.org\/wp-content\/uploads\/2017\/05\/hotel-lina-garage-1024x576.jpg 1024w, https:\/\/hotellina.org\/wp-content\/uploads\/2017\/05\/hotel-lina-garage-768x432.jpg 768w, https:\/\/hotellina.org\/wp-content\/uploads\/2017\/05\/hotel-lina-garage-1536x864.jpg 1536w, https:\/\/hotellina.org\/wp-content\/uploads\/2017\/05\/hotel-lina-garage-1144x644.jpg 1144w\" sizes=\"auto, (max-width: 1600px) 100vw, 1600px\" \/>\n\t<\/p>\n\n\n\n<h2 class=\"mphb-service-title\">\n<a href=\"https:\/\/hotellina.org\/?mphb_room_service=parking-service\">Service de stationnement<\/a>\n<\/h2>\n\n<p>Il est difficile de trouver une bonne zone de stationnement ou des garages dans notre zone surpeupl\u00e9e, mais nous avons r\u00e9ussi \u00e0 le faire pour vous. Cependant, vous devrez payer [&hellip;]<\/p>\n\n\n<p class=\"mphb-price-wrapper\"><strong>Prix :<\/strong>\n<span class=\"mphb-price\"><span class=\"mphb-currency\">CFA<\/span>1,000<\/span> \/ Simple \/ Par chambre\n<\/p>\n<\/div><div class=\"mphb-service post-31 mphb_room_service type-mphb_room_service status-publish has-post-thumbnail has_thumb odd\">\n\n\t\n\n\t<p class=\"mphb-loop-service-thumbnail\">\n\t<img loading=\"lazy\" decoding=\"async\" width=\"1920\" height=\"1080\" src=\"https:\/\/hotellina.org\/wp-content\/uploads\/2018\/09\/hotel-lina-massage.jpg\" class=\"attachment-post-thumbnail size-post-thumbnail wp-post-image\" alt=\"hotel-lina-massage\" srcset=\"https:\/\/hotellina.org\/wp-content\/uploads\/2018\/09\/hotel-lina-massage.jpg 1920w, https:\/\/hotellina.org\/wp-content\/uploads\/2018\/09\/hotel-lina-massage-300x169.jpg 300w, https:\/\/hotellina.org\/wp-content\/uploads\/2018\/09\/hotel-lina-massage-1024x576.jpg 1024w, https:\/\/hotellina.org\/wp-content\/uploads\/2018\/09\/hotel-lina-massage-768x432.jpg 768w, https:\/\/hotellina.org\/wp-content\/uploads\/2018\/09\/hotel-lina-massage-1536x864.jpg 1536w, https:\/\/hotellina.org\/wp-content\/uploads\/2018\/09\/hotel-lina-massage-1144x644.jpg 1144w\" sizes=\"auto, (max-width: 1920px) 100vw, 1920px\" \/>\n\t<\/p>\n\n\n\n<h2 class=\"mphb-service-title\">\n<a href=\"https:\/\/hotellina.org\/?mphb_room_service=massage\">Massage<\/a>\n<\/h2>\n\n<p>\u201cLa massoth\u00e9rapie consiste \u00e0 manipuler syst\u00e9matiquement et strat\u00e9giquement les tissus mous du corps humain pour produire un \u00e9tat de relaxation, ainsi qu&rsquo;\u00e0 soulager des choses comme la douleur, l&rsquo;inconfort, l&rsquo;anxi\u00e9t\u00e9 [&hellip;]<\/p>\n\n\n<p class=\"mphb-price-wrapper\"><strong>Prix :<\/strong>\n<span class=\"mphb-price\"><span class=\"mphb-currency\">CFA<\/span>5,000<\/span> \/ Simple \/ Par chambre\n<\/p>\n<\/div><\/div>\n","protected":false},"excerpt":{"rendered":"<p>Any service to your liking. You can pre-order it when booking a room<\/p>\n","protected":false},"author":1,"featured_media":0,"parent":649,"menu_order":0,"comment_status":"closed","ping_status":"closed","template":"","meta":{"footnotes":""},"class_list":["post-573","page","type-page","status-publish","hentry","has_thumb","even"],"_links":{"self":[{"href":"https:\/\/hotellina.org\/index.php?rest_route=\/wp\/v2\/pages\/573","targetHints":{"allow":["GET"]}}],"collection":[{"href":"https:\/\/hotellina.org\/index.php?rest_route=\/wp\/v2\/pages"}],"about":[{"href":"https:\/\/hotellina.org\/index.php?rest_route=\/wp\/v2\/types\/page"}],"author":[{"embeddable":true,"href":"https:\/\/hotellina.org\/index.php?rest_route=\/wp\/v2\/users\/1"}],"replies":[{"embeddable":true,"href":"https:\/\/hotellina.org\/index.php?rest_route=%2Fwp%2Fv2%2Fcomments&post=573"}],"version-history":[{"count":2,"href":"https:\/\/hotellina.org\/index.php?rest_route=\/wp\/v2\/pages\/573\/revisions"}],"predecessor-version":[{"id":2176,"href":"https:\/\/hotellina.org\/index.php?rest_route=\/wp\/v2\/pages\/573\/revisions\/2176"}],"up":[{"embeddable":true,"href":"https:\/\/hotellina.org\/index.php?rest_route=\/wp\/v2\/pages\/649"}],"wp:attachment":[{"href":"https:\/\/hotellina.org\/index.php?rest_route=%2Fwp%2Fv2%2Fmedia&parent=573"}],"curies":[{"name":"wp","href":"https:\/\/api.w.org\/{rel}","templated":true}]}}